{"id":65,"date":"2021-06-14T09:47:01","date_gmt":"2021-06-14T09:47:01","guid":{"rendered":"https:\/\/artundaroma.ch\/?page_id=65"},"modified":"2022-12-04T11:18:08","modified_gmt":"2022-12-04T11:18:08","slug":"naturseifen","status":"publish","type":"page","link":"https:\/\/artundaroma.ch\/?page_id=65","title":{"rendered":"Naturseifen"},"content":{"rendered":"<div class=\"fusion-fullwidth fullwidth-box fusion-builder-row-1 fusion-flex-container nonhundred-percent-fullwidth non-hundred-percent-height-scrolling\" style=\"--awb-border-radius-top-left:0px;--awb-border-radius-top-right:0px;--awb-border-radius-bottom-right:0px;--awb-border-radius-bottom-left:0px;--awb-flex-wrap:wrap;\" ><div class=\"fusion-builder-row fusion-row fusion-flex-align-items-flex-start fusion-flex-content-wrap\" style=\"max-width:956.8px;margin-left: calc(-4% \/ 2 );margin-right: calc(-4% \/ 2 );\"><div class=\"fusion-layout-column fusion_builder_column fusion-builder-column-0 fusion_builder_column_2_3 2_3 fusion-flex-column\" style=\"--awb-padding-right:50px;--awb-bg-size:cover;--awb-width-large:66.666666666667%;--awb-margin-top-large:0px;--awb-spacing-right-large:2.88%;--awb-margin-bottom-large:20px;--awb-spacing-left-large:2.88%;--awb-width-medium:66.666666666667%;--awb-order-medium:0;--awb-spacing-right-medium:2.88%;--awb-spacing-left-medium:2.88%;--awb-width-small:100%;--awb-order-small:0;--awb-spacing-right-small:1.92%;--awb-spacing-left-small:1.92%;\"><div class=\"fusion-column-wrapper fusion-column-has-shadow fusion-flex-justify-content-flex-start fusion-content-layout-column\"><div class=\"fusion-title title fusion-title-1 fusion-sep-none fusion-title-text fusion-title-size-three\" style=\"--awb-margin-top-small:0px;--awb-margin-right-small:0px;--awb-margin-bottom-small:0px;--awb-margin-left-small:0px;\"><h3 class=\"fusion-title-heading title-heading-left\" style=\"margin:0;\">Ein Herz f\u00fcr die Seife<\/h3><\/div><div class=\"fusion-text fusion-text-1\"><p><b>Eine alte Kunst<\/b> praktizieren: In der hauseigenen Seifenwerkstatt stellen wir unsere hera-Seifen im echten Siedeverfahren (handgesiedet) her. Jede Seife wird in Klein- und Kleinstserien von Hand produziert. Dabei sind gerade die Bilderseifen so individuell wie die Vorlieben unserer Kunden.<\/p>\n<p><b>Das Sortiment<\/b> richtet sich an Menschen, die Wert darauf legen, ein nachhaltiges und faires Produkt zu benutzen. Wir bieten eine kleine und feine Palette herrlich nat\u00fcrlicher Aromen und sind stolz darauf, bei jeder Seife die absolut beste Qualit\u00e4t garantieren zu k\u00f6nnen. So vertragen auch AllergikerInnen die hera-Seifen sehr gut.<\/p>\n<p><b>Nur rein pflanzliche Zutaten <\/b>verwenden wir aus einem eigenen Bed\u00fcrfnis heraus. Daf\u00fcr liefert uns Mutter Natur die besten Produkte. Die verwendeten Zutaten sind, wenn immer m\u00f6glich, aus biologischer Produktion.<\/p>\n<p><b>Die Produkte<\/b> der hera-Linie werden ohne Palm\u00f6l produziert. Denn die Plantagen, auf denen Palm\u00f6l gewonnen wird, schaden der Flora und Fauna in den entsprechenden Gebieten. Grosse Urwaldgebiete werden daf\u00fcr gerodet oder brandgerodet und viele Tiere, wie zum Beispiel der Orang-Utan, verlieren ihren nat\u00fcrlichen Lebensraum.<\/p>\n<p><b>Auf unn\u00f6tige Zusatzstoffe<\/b> <strong>verzichten<\/strong>, um die Umwelt zu schonen und zu sch\u00fctzen. Dies ist unser pers\u00f6nlicher bescheidener, aber wichtiger Beitrag.<\/p>\n<\/div><div class=\"fusion-image-carousel fusion-image-carousel-auto fusion-image-carousel-1 fusion-carousel-border\"><div class=\"awb-carousel awb-swiper awb-swiper-carousel awb-carousel--carousel awb-swiper-dots-position-bottom\" data-layout=\"carousel\" data-autoplay=\"yes\" data-autoplayspeed=\"2500\" data-autoplaypause=\"no\" data-columns=\"2\" data-columnsmedium=\"1\" data-columnssmall=\"1\" data-itemmargin=\"13\" data-itemwidth=\"180\" data-touchscroll=\"no\" data-freemode=\"no\" data-imagesize=\"auto\" data-scrollitems=\"0\" data-centeredslides=\"no\" data-rotationangle=\"50\" data-depth=\"100\" data-speed=\"500\" data-shadow=\"no\" data-pagination=\"bullets\" style=\"--awb-columns:2;--awb-border-width:1px;--awb-border-color:#e9eaee;\"><div class=\"swiper-wrapper awb-image-carousel-wrapper fusion-flex-align-items-center\"><div class=\"swiper-slide\"><div class=\"fusion-carousel-item-wrapper\"><div class=\"fusion-image-wrapper hover-type-none\"><\/div><\/div><\/div><div class=\"swiper-slide\"><div class=\"fusion-carousel-item-wrapper\"><div class=\"fusion-image-wrapper hover-type-none\"><\/div><\/div><\/div><div class=\"swiper-slide\"><div class=\"fusion-carousel-item-wrapper\"><div class=\"fusion-image-wrapper hover-type-none\"><\/div><\/div><\/div><div class=\"swiper-slide\"><div class=\"fusion-carousel-item-wrapper\"><div class=\"fusion-image-wrapper hover-type-none\"><\/div><\/div><\/div><div class=\"swiper-slide\"><div class=\"fusion-carousel-item-wrapper\"><div class=\"fusion-image-wrapper hover-type-none\"><\/div><\/div><\/div><\/div><div class=\"awb-swiper-button awb-swiper-button-prev\"><i class=\"awb-icon-angle-left\" aria-hidden=\"true\"><\/i><\/div><div class=\"awb-swiper-button awb-swiper-button-next\"><i class=\"awb-icon-angle-right\" aria-hidden=\"true\"><\/i><\/div><\/div><\/div><div class=\"fusion-form fusion-form-builder fusion-form-form-wrapper fusion-form-501\" style=\"--awb-tooltip-text-color:#ffffff;--awb-tooltip-background-color:#333333;\" data-form-id=\"501\" data-config=\"{&quot;form_id&quot;:&quot;501&quot;,&quot;form_post_id&quot;:&quot;501&quot;,&quot;post_id&quot;:65,&quot;form_type&quot;:&quot;ajax&quot;,&quot;confirmation_type&quot;:&quot;message&quot;,&quot;redirect_url&quot;:&quot;&quot;,&quot;redirect_timeout&quot;:&quot;0&quot;,&quot;field_labels&quot;:{&quot;form_brand_name&quot;:&quot;Name&quot;,&quot;form_brand_vname&quot;:&quot;Vorname&quot;,&quot;form_brand_email&quot;:&quot;E-Mail Adresse&quot;,&quot;form_brand_message&quot;:&quot;Ihre Nachricht&quot;},&quot;field_logics&quot;:{&quot;form_brand_name&quot;:&quot;&quot;,&quot;form_brand_vname&quot;:&quot;&quot;,&quot;form_brand_email&quot;:&quot;&quot;,&quot;form_brand_message&quot;:&quot;&quot;,&quot;submit_1&quot;:&quot;&quot;,&quot;notice_1&quot;:&quot;&quot;},&quot;field_types&quot;:{&quot;form_brand_name&quot;:&quot;text&quot;,&quot;form_brand_vname&quot;:&quot;text&quot;,&quot;form_brand_email&quot;:&quot;email&quot;,&quot;form_brand_message&quot;:&quot;textarea&quot;,&quot;submit_1&quot;:&quot;submit&quot;,&quot;notice_1&quot;:&quot;notice&quot;},&quot;nonce_method&quot;:&quot;ajax&quot;,&quot;form_views&quot;:&quot;ajax&quot;,&quot;form_views_counting&quot;:&quot;all&quot;}\"><form action=\"https:\/\/artundaroma.ch\/?page_id=65\" method=\"post\" class=\"fusion-form fusion-form-501\"><div class=\"fusion-fullwidth fullwidth-box fusion-builder-row-1-1 fusion-flex-container nonhundred-percent-fullwidth non-hundred-percent-height-scrolling\" style=\"--awb-border-radius-top-left:0px;--awb-border-radius-top-right:0px;--awb-border-radius-bottom-right:0px;--awb-border-radius-bottom-left:0px;--awb-flex-wrap:wrap;\" ><div class=\"fusion-builder-row fusion-row fusion-flex-align-items-flex-start fusion-flex-content-wrap\" style=\"width:104% !important;max-width:104% !important;margin-left: calc(-4% \/ 2 );margin-right: calc(-4% \/ 2 );\"><div class=\"fusion-layout-column fusion_builder_column fusion-builder-column-1 fusion_builder_column_1_1 1_1 fusion-flex-column\" style=\"--awb-bg-size:cover;--awb-width-large:100%;--awb-flex-grow:0;--awb-flex-shrink:0;--awb-margin-top-large:0px;--awb-spacing-right-large:1.92%;--awb-margin-bottom-large:20px;--awb-spacing-left-large:1.92%;--awb-width-medium:100%;--awb-order-medium:0;--awb-flex-grow-medium:0;--awb-flex-shrink-medium:0;--awb-spacing-right-medium:1.92%;--awb-spacing-left-medium:1.92%;--awb-width-small:100%;--awb-order-small:0;--awb-flex-grow-small:0;--awb-flex-shrink-small:0;--awb-spacing-right-small:1.92%;--awb-spacing-left-small:1.92%;\"><div class=\"fusion-column-wrapper fusion-column-has-shadow fusion-flex-justify-content-flex-start fusion-content-layout-column\"><div class=\"fusion-form-field fusion-form-text-field fusion-form-label-above\" style=\"\" data-form-id=\"501\"><div class=\"fusion-form-label-wrapper\"><label for=\"form_brand_name\">Name <abbr class=\"fusion-form-element-required\" title=\"required\">*<\/abbr><\/label><\/div><input type=\"text\" autocomplete=\"off\" name=\"form_brand_name\" id=\"form_brand_name\" value=\"\"  class=\"fusion-form-input\" required=\"true\" aria-required=\"true\" placeholder=\"Name *\" data-holds-private-data=\"false\" minlength=\"0\"\/><\/div><div class=\"fusion-form-field fusion-form-text-field fusion-form-label-above\" style=\"\" data-form-id=\"501\"><div class=\"fusion-form-label-wrapper\"><label for=\"form_brand_vname\">Vorname<\/label><\/div><input type=\"text\" autocomplete=\"off\" name=\"form_brand_vname\" id=\"form_brand_vname\" value=\"\"  class=\"fusion-form-input\" placeholder=\"Vorname \" data-holds-private-data=\"false\" minlength=\"0\"\/><\/div><div class=\"fusion-form-field fusion-form-email-field fusion-form-label-above\" style=\"\" data-form-id=\"501\"><div class=\"fusion-form-label-wrapper\"><label for=\"form_brand_email\">E-Mail Adresse <abbr class=\"fusion-form-element-required\" title=\"required\">*<\/abbr><\/label><\/div><input type=\"email\" autocomplete=\"off\" name=\"form_brand_email\" id=\"form_brand_email\" value=\"\"  class=\"fusion-form-input\" required=\"true\" aria-required=\"true\" placeholder=\"name@beispiel.ch *\" data-holds-private-data=\"false\"\/><\/div><div class=\"fusion-form-field fusion-form-textarea-field fusion-form-label-above\" style=\"\" data-form-id=\"501\"><label for=\"form_brand_message\">Ihre Nachricht <abbr class=\"fusion-form-element-required\" title=\"required\">*<\/abbr><\/label><textarea cols=\"40\" autocomplete=\"off\"  minlength=\"0\"  rows=\"4\" tabindex=\"\" id=\"form_brand_message\" name=\"form_brand_message\" class=\"fusion-form-input\" required=\"true\" aria-required=\"true\" data-holds-private-data=\"false\"><\/textarea><\/div><div class=\"fusion-form-field fusion-form-submit-field fusion-form-label-above\" style=\"\" data-form-id=\"501\"><div ><button type=\"submit\" class=\"fusion-button button-flat button-medium button-custom fusion-button-default button-1 fusion-button-span-no fusion-has-button-gradient button-default form-form-submit\" style=\"--button_accent_color:#508050;--button_border_color:#508050;--button_accent_hover_color:#af0000;--button_border_hover_color:#af0000;--button_border_width-top:1px;--button_border_width-right:1px;--button_border_width-bottom:1px;--button_border_width-left:1px;--button_gradient_top_color:#ffffff;--button_gradient_bottom_color:#d6d6d6;--button_gradient_top_color_hover:#d6d6d6;--button_gradient_bottom_color_hover:#e8e8e8;\" data-form-number=\"501\" tabindex=\"\"><span class=\"fusion-button-text awb-button__text awb-button__text--default\">Senden<\/span><\/button><\/div><\/div><div class=\"form-submission-notices data-notice_1\" id=\"fusion-notices-1\" data-instance=\"1\"><div class=\"fusion-alert alert success alert-success fusion-alert-center fusion-form-response fusion-form-response-success awb-alert-native-link-color alert-dismissable awb-alert-close-boxed\" role=\"alert\"><div class=\"fusion-alert-content-wrapper\"><span class=\"alert-icon\"><i class=\"awb-icon-check-circle\" aria-hidden=\"true\"><\/i><\/span><span class=\"fusion-alert-content\">Ihr Nachricht wurde versendet. Besten Dank.<\/span><\/div><button type=\"button\" class=\"close toggle-alert\" data-dismiss=\"alert\" aria-label=\"Close\">&times;<\/button><\/div><div class=\"fusion-alert alert error alert-danger fusion-alert-center fusion-form-response fusion-form-response-error awb-alert-native-link-color alert-dismissable awb-alert-close-boxed\" role=\"alert\"><div class=\"fusion-alert-content-wrapper\"><span class=\"alert-icon\"><i class=\"awb-icon-exclamation-triangle\" aria-hidden=\"true\"><\/i><\/span><span class=\"fusion-alert-content\">Leider ist ein Fehler aufgetreten. Versuchen Sie es sp\u00e4ter nochmals.<\/span><\/div><button type=\"button\" class=\"close toggle-alert\" data-dismiss=\"alert\" aria-label=\"Close\">&times;<\/button><\/div><\/div>\n<\/div><\/div><\/div><\/div><input type=\"hidden\" name=\"fusion_privacy_expiration_interval\" value=\"48\"><input type=\"hidden\" name=\"privacy_expiration_action\" value=\"anonymize\"><\/form><\/div><\/div><\/div><div class=\"fusion-layout-column fusion_builder_column fusion-builder-column-2 fusion_builder_column_1_3 1_3 fusion-flex-column\" style=\"--awb-padding-left:20px;--awb-bg-size:cover;--awb-width-large:33.333333333333%;--awb-flex-grow:0;--awb-flex-shrink:0;--awb-margin-top-large:0px;--awb-spacing-right-large:5.76%;--awb-margin-bottom-large:20px;--awb-spacing-left-large:5.76%;--awb-width-medium:33.333333333333%;--awb-order-medium:0;--awb-flex-grow-medium:0;--awb-flex-shrink-medium:0;--awb-spacing-right-medium:5.76%;--awb-spacing-left-medium:5.76%;--awb-width-small:100%;--awb-order-small:0;--awb-flex-grow-small:0;--awb-flex-shrink-small:0;--awb-spacing-right-small:1.92%;--awb-spacing-left-small:1.92%;\"><div class=\"fusion-column-wrapper fusion-column-has-shadow fusion-flex-justify-content-flex-start fusion-content-layout-column\"><div class=\"fusion-image-element \" style=\"text-align:center;--awb-margin-top:0px;--awb-caption-title-font-family:var(--h2_typography-font-family);--awb-caption-title-font-weight:var(--h2_typography-font-weight);--awb-caption-title-font-style:var(--h2_typography-font-style);--awb-caption-title-size:var(--h2_typography-font-size);--awb-caption-title-transform:var(--h2_typography-text-transform);--awb-caption-title-line-height:var(--h2_typography-line-height);--awb-caption-title-letter-spacing:var(--h2_typography-letter-spacing);\"><span class=\" fusion-imageframe imageframe-none imageframe-1 hover-type-none\" style=\"border:2px solid #a3a3a3;\"><img decoding=\"async\" width=\"300\" height=\"225\" title=\"logo wp shop seifen-werk\" src=\"https:\/\/artundaroma.ch\/wp-content\/uploads\/2021\/06\/logo-wp-shop-seifen-werk-800x600-1-300x225.jpg\" alt class=\"img-responsive wp-image-279\" srcset=\"https:\/\/artundaroma.ch\/wp-content\/uploads\/2021\/06\/logo-wp-shop-seifen-werk-800x600-1-200x150.jpg 200w, https:\/\/artundaroma.ch\/wp-content\/uploads\/2021\/06\/logo-wp-shop-seifen-werk-800x600-1-400x300.jpg 400w, https:\/\/artundaroma.ch\/wp-content\/uploads\/2021\/06\/logo-wp-shop-seifen-werk-800x600-1-600x450.jpg 600w, https:\/\/artundaroma.ch\/wp-content\/uploads\/2021\/06\/logo-wp-shop-seifen-werk-800x600-1.jpg 800w\" sizes=\"(max-width: 640px) 100vw, 400px\" \/><\/span><\/div><div class=\"fusion-image-element \" style=\"text-align:center;--awb-margin-top:20px;--awb-caption-title-font-family:var(--h2_typography-font-family);--awb-caption-title-font-weight:var(--h2_typography-font-weight);--awb-caption-title-font-style:var(--h2_typography-font-style);--awb-caption-title-size:var(--h2_typography-font-size);--awb-caption-title-transform:var(--h2_typography-text-transform);--awb-caption-title-line-height:var(--h2_typography-line-height);--awb-caption-title-letter-spacing:var(--h2_typography-letter-spacing);\"><span class=\" fusion-imageframe imageframe-none imageframe-2 hover-type-none\" style=\"border:2px solid #e2e2e2;\"><img decoding=\"async\" width=\"800\" height=\"600\" title=\"seifen q03 800&#215;600\" src=\"https:\/\/artundaroma.ch\/wp-content\/uploads\/2021\/06\/seifen-q03-800x600-1.jpg\" alt class=\"img-responsive wp-image-274\" srcset=\"https:\/\/artundaroma.ch\/wp-content\/uploads\/2021\/06\/seifen-q03-800x600-1-200x150.jpg 200w, https:\/\/artundaroma.ch\/wp-content\/uploads\/2021\/06\/seifen-q03-800x600-1-400x300.jpg 400w, https:\/\/artundaroma.ch\/wp-content\/uploads\/2021\/06\/seifen-q03-800x600-1-600x450.jpg 600w, https:\/\/artundaroma.ch\/wp-content\/uploads\/2021\/06\/seifen-q03-800x600-1.jpg 800w\" sizes=\"(max-width: 640px) 100vw, 400px\" \/><\/span><\/div><div class=\"fusion-image-element \" style=\"text-align:center;--awb-margin-top:20px;--awb-caption-title-font-family:var(--h2_typography-font-family);--awb-caption-title-font-weight:var(--h2_typography-font-weight);--awb-caption-title-font-style:var(--h2_typography-font-style);--awb-caption-title-size:var(--h2_typography-font-size);--awb-caption-title-transform:var(--h2_typography-text-transform);--awb-caption-title-line-height:var(--h2_typography-line-height);--awb-caption-title-letter-spacing:var(--h2_typography-letter-spacing);\"><span class=\" fusion-imageframe imageframe-none imageframe-3 hover-type-none\" style=\"border:2px solid #e2e2e2;\"><img decoding=\"async\" width=\"800\" height=\"600\" title=\"seifen q02 800&#215;600\" src=\"https:\/\/artundaroma.ch\/wp-content\/uploads\/2021\/06\/seifen-q02-800x600-1.jpg\" alt class=\"img-responsive wp-image-273\" srcset=\"https:\/\/artundaroma.ch\/wp-content\/uploads\/2021\/06\/seifen-q02-800x600-1-200x150.jpg 200w, https:\/\/artundaroma.ch\/wp-content\/uploads\/2021\/06\/seifen-q02-800x600-1-400x300.jpg 400w, https:\/\/artundaroma.ch\/wp-content\/uploads\/2021\/06\/seifen-q02-800x600-1-600x450.jpg 600w, https:\/\/artundaroma.ch\/wp-content\/uploads\/2021\/06\/seifen-q02-800x600-1.jpg 800w\" sizes=\"(max-width: 640px) 100vw, 400px\" \/><\/span><\/div><div class=\"fusion-image-element \" style=\"text-align:center;--awb-margin-top:20px;--awb-caption-title-font-family:var(--h2_typography-font-family);--awb-caption-title-font-weight:var(--h2_typography-font-weight);--awb-caption-title-font-style:var(--h2_typography-font-style);--awb-caption-title-size:var(--h2_typography-font-size);--awb-caption-title-transform:var(--h2_typography-text-transform);--awb-caption-title-line-height:var(--h2_typography-line-height);--awb-caption-title-letter-spacing:var(--h2_typography-letter-spacing);\"><span class=\" fusion-imageframe imageframe-none imageframe-4 hover-type-none\" style=\"border:2px solid #e2e2e2;\"><img decoding=\"async\" width=\"800\" height=\"600\" title=\"seifen q05 800&#215;600\" src=\"https:\/\/artundaroma.ch\/wp-content\/uploads\/2021\/06\/seifen-q05-800x600-1.jpg\" alt class=\"img-responsive wp-image-276\" srcset=\"https:\/\/artundaroma.ch\/wp-content\/uploads\/2021\/06\/seifen-q05-800x600-1-200x150.jpg 200w, https:\/\/artundaroma.ch\/wp-content\/uploads\/2021\/06\/seifen-q05-800x600-1-400x300.jpg 400w, https:\/\/artundaroma.ch\/wp-content\/uploads\/2021\/06\/seifen-q05-800x600-1-600x450.jpg 600w, https:\/\/artundaroma.ch\/wp-content\/uploads\/2021\/06\/seifen-q05-800x600-1.jpg 800w\" sizes=\"(max-width: 640px) 100vw, 400px\" \/><\/span><\/div><\/div><\/div><\/div><\/div>\n","protected":false},"excerpt":{"rendered":"","protected":false},"author":5,"featured_media":0,"parent":0,"menu_order":400,"comment_status":"closed","ping_status":"closed","template":"","meta":{"_acf_changed":false,"footnotes":""},"class_list":["post-65","page","type-page","status-publish","hentry"],"acf":[],"_links":{"self":[{"href":"https:\/\/artundaroma.ch\/index.php?rest_route=\/wp\/v2\/pages\/65","targetHints":{"allow":["GET"]}}],"collection":[{"href":"https:\/\/artundaroma.ch\/index.php?rest_route=\/wp\/v2\/pages"}],"about":[{"href":"https:\/\/artundaroma.ch\/index.php?rest_route=\/wp\/v2\/types\/page"}],"author":[{"embeddable":true,"href":"https:\/\/artundaroma.ch\/index.php?rest_route=\/wp\/v2\/users\/5"}],"replies":[{"embeddable":true,"href":"https:\/\/artundaroma.ch\/index.php?rest_route=%2Fwp%2Fv2%2Fcomments&post=65"}],"version-history":[{"count":31,"href":"https:\/\/artundaroma.ch\/index.php?rest_route=\/wp\/v2\/pages\/65\/revisions"}],"predecessor-version":[{"id":502,"href":"https:\/\/artundaroma.ch\/index.php?rest_route=\/wp\/v2\/pages\/65\/revisions\/502"}],"wp:attachment":[{"href":"https:\/\/artundaroma.ch\/index.php?rest_route=%2Fwp%2Fv2%2Fmedia&parent=65"}],"curies":[{"name":"wp","href":"https:\/\/api.w.org\/{rel}","templated":true}]}}