{"id":60,"date":"2021-06-14T09:44:41","date_gmt":"2021-06-14T09:44:41","guid":{"rendered":"https:\/\/artundaroma.ch\/?page_id=60"},"modified":"2022-07-17T06:19:54","modified_gmt":"2022-07-17T06:19:54","slug":"sensorikseminar","status":"publish","type":"page","link":"https:\/\/artundaroma.ch\/?page_id=60","title":{"rendered":"Sensorik  &nbsp; Aromatherapien &nbsp; Seminare"},"content":{"rendered":"<div class=\"fusion-fullwidth fullwidth-box fusion-builder-row-1 fusion-flex-container nonhundred-percent-fullwidth non-hundred-percent-height-scrolling\" style=\"--awb-border-radius-top-left:0px;--awb-border-radius-top-right:0px;--awb-border-radius-bottom-right:0px;--awb-border-radius-bottom-left:0px;--awb-flex-wrap:wrap;\" ><div class=\"fusion-builder-row fusion-row fusion-flex-align-items-flex-start fusion-flex-content-wrap\" style=\"max-width:956.8px;margin-left: calc(-4% \/ 2 );margin-right: calc(-4% \/ 2 );\"><div class=\"fusion-layout-column fusion_builder_column fusion-builder-column-0 fusion_builder_column_2_3 2_3 fusion-flex-column\" style=\"--awb-bg-size:cover;--awb-width-large:66.666666666667%;--awb-margin-top-large:0px;--awb-spacing-right-large:3.84%;--awb-margin-bottom-large:0px;--awb-spacing-left-large:2.88%;--awb-width-medium:66.666666666667%;--awb-spacing-right-medium:3.84%;--awb-spacing-left-medium:2.88%;--awb-width-small:100%;--awb-spacing-right-small:1.92%;--awb-spacing-left-small:1.92%;\"><div class=\"fusion-column-wrapper fusion-flex-justify-content-flex-start fusion-content-layout-column\"><div class=\"fusion-title title fusion-title-1 fusion-sep-none fusion-title-text fusion-title-size-three\" style=\"--awb-margin-top-small:0px;--awb-margin-right-small:0px;--awb-margin-bottom-small:0px;--awb-margin-left-small:0px;\"><h3 class=\"fusion-title-heading title-heading-left\" style=\"margin:0;\">Sensorik- und Duftseminare<\/h3><\/div><div class=\"fusion-text fusion-text-1\"><p>Wenn Sie mehr dar\u00fcber wissen m\u00f6chten, wie Geschmack und Geruch funktionieren, oder einen Anlass organisieren m\u00f6chten, bietet sich dies in einem Seminar bestens an. Geschmack wird sensorisch \u00fcber die Zunge, Geruch orthonasal \u00fcber die Nase wahrgenommen &#8211; das ist doch einmal der etwas ganz andere Anlass.<\/p>\n<p>Ich biete Ihnen Ihre individuell angepasste Veranstaltung:<\/p>\n<p>Sensorikseminar zu Wein<\/p>\n<p>Mittelalterliche Ger\u00fcche oder Dufterlebnisse als Seminar<\/p>\n<p>Duftf\u00fchrungen durch die Stadt<\/p>\n<p>Melden Sie sich an oder schreiben Ihre Anfrage.<\/p>\n<\/div><div class=\"fusion-title title fusion-title-2 fusion-sep-none fusion-title-text fusion-title-size-three\" style=\"--awb-margin-top-small:0px;--awb-margin-right-small:0px;--awb-margin-bottom-small:0px;--awb-margin-left-small:0px;\"><h3 class=\"fusion-title-heading title-heading-left\" style=\"margin:0;\">Aromatherapie und Beratung<\/h3><\/div><div class=\"fusion-text fusion-text-2\"><p>Die Aromatherapie st\u00fctzt sich auf die Arbeit mit \u00e4therischen \u00d6len. Sie\u00a0werden \u00fcber die Nase oder die Haut z.B. durch eine Aromamassage wahrgenommen.<\/p>\n<p>Als dipl. Aromatherapeutin SfA berate ich Sie und stimme mit Ihnen die oder das passende \u00e4therische \u00d6l in einer Aromaberatung ab. Ebenso die Dauer und die Regelm\u00e4ssigkeit der Behandlung.<\/p>\n<p>Im Angebot stehen Aroma-Beratungen, Aroma-Massagen, Aroma-Produkte, Aroma-Seminare.<\/p>\n<p>Buchen Sie hier Ihren Termin f\u00fcr eine Aromaberatung oder eine Aromamassage:<\/p>\n<\/div><div class=\"fusion-form fusion-form-builder fusion-form-form-wrapper fusion-form-479\" style=\"--awb-tooltip-text-color:#ffffff;--awb-tooltip-background-color:#333333;\" data-form-id=\"479\" data-config=\"{&quot;form_id&quot;:&quot;479&quot;,&quot;form_post_id&quot;:&quot;479&quot;,&quot;post_id&quot;:60,&quot;form_type&quot;:&quot;ajax&quot;,&quot;confirmation_type&quot;:&quot;message&quot;,&quot;redirect_url&quot;:&quot;&quot;,&quot;redirect_timeout&quot;:&quot;0&quot;,&quot;field_labels&quot;:{&quot;form_brand_name&quot;:&quot;Name&quot;,&quot;form_brand_vname&quot;:&quot;Vorname&quot;,&quot;form_brand_email&quot;:&quot;E-Mail Adresse&quot;,&quot;form_brand_message&quot;:&quot;Ihre Nachricht&quot;},&quot;field_logics&quot;:{&quot;form_brand_name&quot;:&quot;&quot;,&quot;form_brand_vname&quot;:&quot;&quot;,&quot;form_brand_email&quot;:&quot;&quot;,&quot;form_brand_message&quot;:&quot;&quot;,&quot;submit_1&quot;:&quot;&quot;,&quot;notice_1&quot;:&quot;&quot;},&quot;field_types&quot;:{&quot;form_brand_name&quot;:&quot;text&quot;,&quot;form_brand_vname&quot;:&quot;text&quot;,&quot;form_brand_email&quot;:&quot;email&quot;,&quot;form_brand_message&quot;:&quot;textarea&quot;,&quot;submit_1&quot;:&quot;submit&quot;,&quot;notice_1&quot;:&quot;notice&quot;},&quot;nonce_method&quot;:&quot;ajax&quot;,&quot;form_views&quot;:&quot;ajax&quot;,&quot;form_views_counting&quot;:&quot;all&quot;}\"><form action=\"https:\/\/artundaroma.ch\/?page_id=60\" method=\"post\" class=\"fusion-form fusion-form-479\"><div class=\"fusion-fullwidth fullwidth-box fusion-builder-row-1-1 fusion-flex-container nonhundred-percent-fullwidth non-hundred-percent-height-scrolling\" style=\"--awb-border-radius-top-left:0px;--awb-border-radius-top-right:0px;--awb-border-radius-bottom-right:0px;--awb-border-radius-bottom-left:0px;--awb-flex-wrap:wrap;\" ><div class=\"fusion-builder-row fusion-row fusion-flex-align-items-flex-start fusion-flex-content-wrap\" style=\"width:104% !important;max-width:104% !important;margin-left: calc(-4% \/ 2 );margin-right: calc(-4% \/ 2 );\"><div class=\"fusion-layout-column fusion_builder_column fusion-builder-column-1 fusion_builder_column_1_1 1_1 fusion-flex-column\" style=\"--awb-bg-size:cover;--awb-width-large:100%;--awb-flex-grow:0;--awb-flex-shrink:0;--awb-margin-top-large:0px;--awb-spacing-right-large:1.92%;--awb-margin-bottom-large:20px;--awb-spacing-left-large:1.92%;--awb-width-medium:100%;--awb-order-medium:0;--awb-flex-grow-medium:0;--awb-flex-shrink-medium:0;--awb-spacing-right-medium:1.92%;--awb-spacing-left-medium:1.92%;--awb-width-small:100%;--awb-order-small:0;--awb-flex-grow-small:0;--awb-flex-shrink-small:0;--awb-spacing-right-small:1.92%;--awb-spacing-left-small:1.92%;\"><div class=\"fusion-column-wrapper fusion-column-has-shadow fusion-flex-justify-content-flex-start fusion-content-layout-column\"><div class=\"fusion-form-field fusion-form-text-field fusion-form-label-above\" style=\"\" data-form-id=\"479\"><div class=\"fusion-form-label-wrapper\"><label for=\"form_brand_name\">Name <abbr class=\"fusion-form-element-required\" title=\"required\">*<\/abbr><\/label><\/div><input type=\"text\" autocomplete=\"off\" name=\"form_brand_name\" id=\"form_brand_name\" value=\"\"  class=\"fusion-form-input\" required=\"true\" aria-required=\"true\" placeholder=\"Name *\" data-holds-private-data=\"false\" minlength=\"0\"\/><\/div><div class=\"fusion-form-field fusion-form-text-field fusion-form-label-above\" style=\"\" data-form-id=\"479\"><div class=\"fusion-form-label-wrapper\"><label for=\"form_brand_vname\">Vorname<\/label><\/div><input type=\"text\" autocomplete=\"off\" name=\"form_brand_vname\" id=\"form_brand_vname\" value=\"\"  class=\"fusion-form-input\" placeholder=\"Vorname \" data-holds-private-data=\"false\" minlength=\"0\"\/><\/div><div class=\"fusion-form-field fusion-form-email-field fusion-form-label-above\" style=\"\" data-form-id=\"479\"><div class=\"fusion-form-label-wrapper\"><label for=\"form_brand_email\">E-Mail Adresse <abbr class=\"fusion-form-element-required\" title=\"required\">*<\/abbr><\/label><\/div><input type=\"email\" autocomplete=\"off\" name=\"form_brand_email\" id=\"form_brand_email\" value=\"\"  class=\"fusion-form-input\" required=\"true\" aria-required=\"true\" placeholder=\"name@beispiel.ch *\" data-holds-private-data=\"false\"\/><\/div><div class=\"fusion-form-field fusion-form-textarea-field fusion-form-label-above\" style=\"\" data-form-id=\"479\"><label for=\"form_brand_message\">Ihre Nachricht <abbr class=\"fusion-form-element-required\" title=\"required\">*<\/abbr><\/label><textarea cols=\"40\" autocomplete=\"off\"  minlength=\"0\"  rows=\"4\" tabindex=\"\" id=\"form_brand_message\" name=\"form_brand_message\" class=\"fusion-form-input\" required=\"true\" aria-required=\"true\" data-holds-private-data=\"false\"><\/textarea><\/div><div class=\"fusion-form-field fusion-form-submit-field fusion-form-label-above\" style=\"\" data-form-id=\"479\"><div ><button type=\"submit\" class=\"fusion-button button-flat button-medium button-custom fusion-button-default button-1 fusion-button-span-no fusion-has-button-gradient button-default form-form-submit\" style=\"--button_accent_color:#508050;--button_border_color:#508050;--button_accent_hover_color:#af0000;--button_border_hover_color:#af0000;--button_gradient_top_color:#ffffff;--button_gradient_bottom_color:#d6d6d6;--button_gradient_top_color_hover:#d6d6d6;--button_gradient_bottom_color_hover:#e8e8e8;\" data-form-number=\"479\" tabindex=\"\"><span class=\"fusion-button-text awb-button__text awb-button__text--default\">Senden<\/span><\/button><\/div><\/div><div class=\"form-submission-notices data-notice_1\" id=\"fusion-notices-1\" data-instance=\"1\"><div class=\"fusion-alert alert success alert-success fusion-alert-center fusion-form-response fusion-form-response-success awb-alert-native-link-color alert-dismissable awb-alert-close-boxed\" role=\"alert\"><div class=\"fusion-alert-content-wrapper\"><span class=\"alert-icon\"><i class=\"awb-icon-check-circle\" aria-hidden=\"true\"><\/i><\/span><span class=\"fusion-alert-content\">Ihr Nachricht wurde versendet. Besten Dank.<\/span><\/div><button type=\"button\" class=\"close toggle-alert\" data-dismiss=\"alert\" aria-label=\"Close\">&times;<\/button><\/div><div class=\"fusion-alert alert error alert-danger fusion-alert-center fusion-form-response fusion-form-response-error awb-alert-native-link-color alert-dismissable awb-alert-close-boxed\" role=\"alert\"><div class=\"fusion-alert-content-wrapper\"><span class=\"alert-icon\"><i class=\"awb-icon-exclamation-triangle\" aria-hidden=\"true\"><\/i><\/span><span class=\"fusion-alert-content\">Leider ist ein Fehler aufgetreten. Versuchen Sie es sp\u00e4ter nochmals.<\/span><\/div><button type=\"button\" class=\"close toggle-alert\" data-dismiss=\"alert\" aria-label=\"Close\">&times;<\/button><\/div><\/div>\n<\/div><\/div><\/div><\/div><input type=\"hidden\" name=\"fusion_privacy_expiration_interval\" value=\"48\"><input type=\"hidden\" name=\"privacy_expiration_action\" value=\"anonymize\"><\/form><\/div><\/div><\/div><div class=\"fusion-layout-column fusion_builder_column fusion-builder-column-2 fusion_builder_column_1_3 1_3 fusion-flex-column\" style=\"--awb-bg-size:cover;--awb-width-large:33.333333333333%;--awb-flex-grow:0;--awb-flex-shrink:0;--awb-margin-top-large:0px;--awb-spacing-right-large:5.76%;--awb-margin-bottom-large:20px;--awb-spacing-left-large:3.84%;--awb-width-medium:33.333333333333%;--awb-order-medium:0;--awb-flex-grow-medium:0;--awb-flex-shrink-medium:0;--awb-spacing-right-medium:5.76%;--awb-spacing-left-medium:3.84%;--awb-width-small:100%;--awb-order-small:0;--awb-flex-grow-small:0;--awb-flex-shrink-small:0;--awb-spacing-right-small:1.92%;--awb-spacing-left-small:1.92%;\"><div class=\"fusion-column-wrapper fusion-column-has-shadow fusion-flex-justify-content-flex-start fusion-content-layout-column\"><div class=\"fusion-image-element \" style=\"text-align:center;--awb-margin-top:35px;--awb-caption-title-font-family:var(--h2_typography-font-family);--awb-caption-title-font-weight:var(--h2_typography-font-weight);--awb-caption-title-font-style:var(--h2_typography-font-style);--awb-caption-title-size:var(--h2_typography-font-size);--awb-caption-title-transform:var(--h2_typography-text-transform);--awb-caption-title-line-height:var(--h2_typography-line-height);--awb-caption-title-letter-spacing:var(--h2_typography-letter-spacing);\"><span class=\" fusion-imageframe imageframe-none imageframe-1 hover-type-none\" style=\"border:2px solid #e2e2e2;\"><img decoding=\"async\" width=\"400\" height=\"300\" title=\"Sensorik\" src=\"https:\/\/artundaroma.ch\/wp-content\/uploads\/2021\/07\/sensorik-q01-800x600-1-400x300.jpg\" alt class=\"img-responsive wp-image-326\" srcset=\"https:\/\/artundaroma.ch\/wp-content\/uploads\/2021\/07\/sensorik-q01-800x600-1-200x150.jpg 200w, https:\/\/artundaroma.ch\/wp-content\/uploads\/2021\/07\/sensorik-q01-800x600-1-400x300.jpg 400w, https:\/\/artundaroma.ch\/wp-content\/uploads\/2021\/07\/sensorik-q01-800x600-1-600x450.jpg 600w, https:\/\/artundaroma.ch\/wp-content\/uploads\/2021\/07\/sensorik-q01-800x600-1.jpg 800w\" sizes=\"(max-width: 640px) 100vw, 400px\" \/><\/span><\/div><div class=\"fusion-image-element \" style=\"text-align:center;--awb-margin-top:35px;--awb-caption-title-font-family:var(--h2_typography-font-family);--awb-caption-title-font-weight:var(--h2_typography-font-weight);--awb-caption-title-font-style:var(--h2_typography-font-style);--awb-caption-title-size:var(--h2_typography-font-size);--awb-caption-title-transform:var(--h2_typography-text-transform);--awb-caption-title-line-height:var(--h2_typography-line-height);--awb-caption-title-letter-spacing:var(--h2_typography-letter-spacing);\"><span class=\" fusion-imageframe imageframe-none imageframe-2 hover-type-none\" style=\"border:2px solid #e2e2e2;\"><img decoding=\"async\" width=\"400\" height=\"300\" title=\"Sensorik\" src=\"https:\/\/artundaroma.ch\/wp-content\/uploads\/2021\/06\/logo-Sensorik-800x600-1-400x300.jpg\" alt class=\"img-responsive wp-image-296\" srcset=\"https:\/\/artundaroma.ch\/wp-content\/uploads\/2021\/06\/logo-Sensorik-800x600-1-200x150.jpg 200w, https:\/\/artundaroma.ch\/wp-content\/uploads\/2021\/06\/logo-Sensorik-800x600-1-400x300.jpg 400w, https:\/\/artundaroma.ch\/wp-content\/uploads\/2021\/06\/logo-Sensorik-800x600-1-600x450.jpg 600w, https:\/\/artundaroma.ch\/wp-content\/uploads\/2021\/06\/logo-Sensorik-800x600-1.jpg 800w\" sizes=\"(max-width: 640px) 100vw, 400px\" \/><\/span><\/div><div class=\"fusion-image-element \" style=\"text-align:center;--awb-margin-top:35px;--awb-caption-title-font-family:var(--h2_typography-font-family);--awb-caption-title-font-weight:var(--h2_typography-font-weight);--awb-caption-title-font-style:var(--h2_typography-font-style);--awb-caption-title-size:var(--h2_typography-font-size);--awb-caption-title-transform:var(--h2_typography-text-transform);--awb-caption-title-line-height:var(--h2_typography-line-height);--awb-caption-title-letter-spacing:var(--h2_typography-letter-spacing);\"><span class=\" fusion-imageframe imageframe-none imageframe-3 hover-type-none\" style=\"border:2px solid #e2e2e2;\"><img decoding=\"async\" width=\"400\" height=\"300\" title=\"Sensorik\" src=\"https:\/\/artundaroma.ch\/wp-content\/uploads\/2021\/07\/sensorik-q02-800x600-1-400x300.jpg\" alt class=\"img-responsive wp-image-327\" srcset=\"https:\/\/artundaroma.ch\/wp-content\/uploads\/2021\/07\/sensorik-q02-800x600-1-200x150.jpg 200w, https:\/\/artundaroma.ch\/wp-content\/uploads\/2021\/07\/sensorik-q02-800x600-1-400x300.jpg 400w, https:\/\/artundaroma.ch\/wp-content\/uploads\/2021\/07\/sensorik-q02-800x600-1-600x450.jpg 600w, https:\/\/artundaroma.ch\/wp-content\/uploads\/2021\/07\/sensorik-q02-800x600-1.jpg 800w\" sizes=\"(max-width: 640px) 100vw, 400px\" \/><\/span><\/div><div class=\"fusion-image-element \" style=\"text-align:center;--awb-margin-top:35px;--awb-caption-title-font-family:var(--h2_typography-font-family);--awb-caption-title-font-weight:var(--h2_typography-font-weight);--awb-caption-title-font-style:var(--h2_typography-font-style);--awb-caption-title-size:var(--h2_typography-font-size);--awb-caption-title-transform:var(--h2_typography-text-transform);--awb-caption-title-line-height:var(--h2_typography-line-height);--awb-caption-title-letter-spacing:var(--h2_typography-letter-spacing);\"><span class=\" fusion-imageframe imageframe-none imageframe-4 hover-type-none\" style=\"border:2px solid #e2e2e2;\"><img decoding=\"async\" width=\"400\" height=\"300\" title=\"Sensorik\" src=\"https:\/\/artundaroma.ch\/wp-content\/uploads\/2021\/07\/sensorik-q03-800x600-1-400x300.jpg\" alt class=\"img-responsive wp-image-328\" srcset=\"https:\/\/artundaroma.ch\/wp-content\/uploads\/2021\/07\/sensorik-q03-800x600-1-200x150.jpg 200w, https:\/\/artundaroma.ch\/wp-content\/uploads\/2021\/07\/sensorik-q03-800x600-1-400x300.jpg 400w, https:\/\/artundaroma.ch\/wp-content\/uploads\/2021\/07\/sensorik-q03-800x600-1-600x450.jpg 600w, https:\/\/artundaroma.ch\/wp-content\/uploads\/2021\/07\/sensorik-q03-800x600-1.jpg 800w\" sizes=\"(max-width: 640px) 100vw, 400px\" \/><\/span><\/div><\/div><\/div><\/div><\/div>\n","protected":false},"excerpt":{"rendered":"","protected":false},"author":5,"featured_media":0,"parent":0,"menu_order":200,"comment_status":"closed","ping_status":"closed","template":"","meta":{"_acf_changed":false,"footnotes":""},"class_list":["post-60","page","type-page","status-publish","hentry"],"acf":[],"_links":{"self":[{"href":"https:\/\/artundaroma.ch\/index.php?rest_route=\/wp\/v2\/pages\/60","targetHints":{"allow":["GET"]}}],"collection":[{"href":"https:\/\/artundaroma.ch\/index.php?rest_route=\/wp\/v2\/pages"}],"about":[{"href":"https:\/\/artundaroma.ch\/index.php?rest_route=\/wp\/v2\/types\/page"}],"author":[{"embeddable":true,"href":"https:\/\/artundaroma.ch\/index.php?rest_route=\/wp\/v2\/users\/5"}],"replies":[{"embeddable":true,"href":"https:\/\/artundaroma.ch\/index.php?rest_route=%2Fwp%2Fv2%2Fcomments&post=60"}],"version-history":[{"count":52,"href":"https:\/\/artundaroma.ch\/index.php?rest_route=\/wp\/v2\/pages\/60\/revisions"}],"predecessor-version":[{"id":494,"href":"https:\/\/artundaroma.ch\/index.php?rest_route=\/wp\/v2\/pages\/60\/revisions\/494"}],"wp:attachment":[{"href":"https:\/\/artundaroma.ch\/index.php?rest_route=%2Fwp%2Fv2%2Fmedia&parent=60"}],"curies":[{"name":"wp","href":"https:\/\/api.w.org\/{rel}","templated":true}]}}