{"id":45,"date":"2021-06-14T09:19:50","date_gmt":"2021-06-14T09:19:50","guid":{"rendered":"https:\/\/artundaroma.ch\/?page_id=45"},"modified":"2021-08-29T08:38:42","modified_gmt":"2021-08-29T08:38:42","slug":"dufttouren","status":"publish","type":"page","link":"https:\/\/artundaroma.ch\/?page_id=45","title":{"rendered":"Dufttouren"},"content":{"rendered":"<div class=\"fusion-fullwidth fullwidth-box fusion-builder-row-1 fusion-flex-container nonhundred-percent-fullwidth non-hundred-percent-height-scrolling\" style=\"--awb-border-radius-top-left:0px;--awb-border-radius-top-right:0px;--awb-border-radius-bottom-right:0px;--awb-border-radius-bottom-left:0px;--awb-flex-wrap:wrap;\" ><div class=\"fusion-builder-row fusion-row fusion-flex-align-items-flex-start fusion-flex-content-wrap\" style=\"max-width:956.8px;margin-left: calc(-4% \/ 2 );margin-right: calc(-4% \/ 2 );\"><div class=\"fusion-layout-column fusion_builder_column fusion-builder-column-0 fusion_builder_column_2_3 2_3 fusion-flex-column\" style=\"--awb-bg-size:cover;--awb-width-large:66.666666666667%;--awb-margin-top-large:0px;--awb-spacing-right-large:2.88%;--awb-margin-bottom-large:0px;--awb-spacing-left-large:2.88%;--awb-width-medium:66.666666666667%;--awb-spacing-right-medium:2.88%;--awb-spacing-left-medium:2.88%;--awb-width-small:100%;--awb-spacing-right-small:1.92%;--awb-spacing-left-small:1.92%;\"><div class=\"fusion-column-wrapper fusion-flex-justify-content-flex-start fusion-content-layout-column\"><div class=\"fusion-title title fusion-title-1 fusion-sep-none fusion-title-text fusion-title-size-three\" style=\"--awb-margin-top-small:0px;--awb-margin-right-small:0px;--awb-margin-bottom-small:0px;--awb-margin-left-small:0px;\"><h3 class=\"fusion-title-heading title-heading-left\" style=\"margin:0;\">Dufttouren durch die Stadt &#8230; Duftstadtf\u00fchrungen<\/h3><\/div><div class=\"fusion-text fusion-text-1\"><div class=\"column\">\n<p>\u201eDas beste Ged\u00e4chtnis hat bekanntlich die Nase\u201c, sagte einmal Kurt Tucholsky.<\/p>\n<p><b>Ger\u00fcche wecken Erinnerungen<\/b>. D\u00fcfte sind pers\u00f6nliche Sinneswahrnehmungen. Manchmal gen\u00fcgt ein Hauch oder ein Luftzug und man sitzt wieder an Grossmutters K\u00fcchentisch, schnuppert am frisch gebackenen Kuchen oder riecht den heissen Braten.<\/p>\n<p><b>Auf einer Dufttour durch die Stadt<\/b> erschnuppern Sie Ger\u00fcche und ihre Geschichte. Sie h\u00f6ren, wie sich die Duftwelt fr\u00fcher von der heutigen unterscheidet. <\/p>\n<p>Gef\u00fchrt werden Sie durch die dipl. Aromatologin Cornelia Lindner.<\/p>\n<p>F\u00fcr Ihre private Gruppenf\u00fchrung w\u00e4hlen Sie die Stadt, und teilen Sie uns das gew\u00fcnschte Datum und die Uhrzeit mit.<\/p>\n<p>Ist Ihre gew\u00fcnschte Stadt nicht dabei? Fragen Sie uns unverbindlich. Wir erweitern laufend unser Angebot. <\/p>\n<p>Eine Dufttour dauert ca. 90 Minuten. Um allen Teilnehmern ein optimales Erlebnis zu erm\u00f6glichen, empfehlen wir eine Gruppengr\u00f6sse zwischen 10 und 20 Personen. <\/p>\n<p>Ihr unverbindliche Anfrage f\u00fcr eine Duftstadtf\u00fchrung:<\/p>\n<\/div>\n<\/div><div class=\"fusion-form fusion-form-builder fusion-form-form-wrapper fusion-form-264\" style=\"--awb-tooltip-text-color:#ffffff;--awb-tooltip-background-color:#333333;--awb-form-placeholder-color:rgba(71,71,71,0.5);--awb-form-text-color:#474747;\" data-form-id=\"264\" data-config=\"{&quot;form_id&quot;:&quot;264&quot;,&quot;form_post_id&quot;:&quot;264&quot;,&quot;post_id&quot;:45,&quot;form_type&quot;:&quot;ajax&quot;,&quot;confirmation_type&quot;:&quot;message&quot;,&quot;redirect_url&quot;:&quot;&quot;,&quot;redirect_timeout&quot;:&quot;0&quot;,&quot;field_labels&quot;:{&quot;kontakt_duft_Vorname&quot;:&quot;Vorname&quot;,&quot;kontakt_duft_name&quot;:&quot;Nachname&quot;,&quot;kontakt_duft_email&quot;:&quot;E-Mail&quot;,&quot;kontakt_duft__Betreff&quot;:&quot;Betreff&quot;,&quot;kontakt_duft_datum&quot;:&quot;Gew\\u00fcnschtes Datum der F\\u00fchrung&quot;,&quot;kontakt_duft_uhrzeit&quot;:&quot;Uhrzeit&quot;,&quot;kontakt_duft_anzahl&quot;:&quot;Teilnehmeranzahl&quot;,&quot;kontakt_duft_Nachricht&quot;:&quot;Nachricht&quot;},&quot;field_logics&quot;:{&quot;kontakt_duft_Vorname&quot;:&quot;&quot;,&quot;kontakt_duft_name&quot;:&quot;&quot;,&quot;kontakt_duft_email&quot;:&quot;&quot;,&quot;kontakt_duft__Betreff&quot;:&quot;&quot;,&quot;kontakt_duft_datum&quot;:&quot;&quot;,&quot;kontakt_duft_uhrzeit&quot;:&quot;&quot;,&quot;kontakt_duft_anzahl&quot;:&quot;&quot;,&quot;kontakt_duft_Nachricht&quot;:&quot;&quot;,&quot;submit_1&quot;:&quot;&quot;,&quot;notice_1&quot;:&quot;&quot;},&quot;field_types&quot;:{&quot;kontakt_duft_Vorname&quot;:&quot;text&quot;,&quot;kontakt_duft_name&quot;:&quot;text&quot;,&quot;kontakt_duft_email&quot;:&quot;email&quot;,&quot;kontakt_duft__Betreff&quot;:&quot;select&quot;,&quot;kontakt_duft_datum&quot;:&quot;date&quot;,&quot;kontakt_duft_uhrzeit&quot;:&quot;text&quot;,&quot;kontakt_duft_anzahl&quot;:&quot;text&quot;,&quot;kontakt_duft_Nachricht&quot;:&quot;textarea&quot;,&quot;submit_1&quot;:&quot;submit&quot;,&quot;notice_1&quot;:&quot;notice&quot;},&quot;nonce_method&quot;:&quot;ajax&quot;,&quot;form_views&quot;:&quot;ajax&quot;,&quot;form_views_counting&quot;:&quot;all&quot;}\"><form action=\"https:\/\/artundaroma.ch\/?page_id=45\" method=\"post\" class=\"fusion-form fusion-form-264\"><div class=\"fusion-fullwidth fullwidth-box fusion-builder-row-1-1 fusion-flex-container nonhundred-percent-fullwidth non-hundred-percent-height-scrolling\" style=\"--awb-border-radius-top-left:0px;--awb-border-radius-top-right:0px;--awb-border-radius-bottom-right:0px;--awb-border-radius-bottom-left:0px;--awb-flex-wrap:wrap;\" ><div class=\"fusion-builder-row fusion-row fusion-flex-align-items-flex-start fusion-flex-content-wrap\" style=\"width:103% !important;max-width:103% !important;margin-left: calc(-3% \/ 2 );margin-right: calc(-3% \/ 2 );\"><div class=\"fusion-layout-column fusion_builder_column fusion-builder-column-1 fusion_builder_column_1_1 1_1 fusion-flex-column\" style=\"--awb-bg-size:cover;--awb-width-large:100%;--awb-flex-grow:0;--awb-flex-shrink:0;--awb-margin-top-large:0px;--awb-spacing-right-large:1.455%;--awb-margin-bottom-large:0px;--awb-spacing-left-large:1.455%;--awb-width-medium:100%;--awb-order-medium:0;--awb-flex-grow-medium:0;--awb-flex-shrink-medium:0;--awb-spacing-right-medium:1.455%;--awb-spacing-left-medium:1.455%;--awb-width-small:100%;--awb-order-small:0;--awb-flex-grow-small:0;--awb-flex-shrink-small:0;--awb-spacing-right-small:1.455%;--awb-spacing-left-small:1.455%;\"><div class=\"fusion-column-wrapper fusion-column-has-shadow fusion-flex-justify-content-flex-start fusion-content-layout-column\"><div class=\"fusion-form-field fusion-form-text-field fusion-form-label-above\" style=\"\" data-form-id=\"264\"><div class=\"fusion-form-label-wrapper\"><label for=\"kontakt_duft_Vorname\">Anrede<\/label><\/div><input type=\"text\" autocomplete=\"off\" name=\"kontakt_duft_Vorname\" id=\"kontakt_duft_Vorname\" value=\"\"  class=\"fusion-form-input\" data-holds-private-data=\"false\" minlength=\"0\"\/><\/div><div class=\"fusion-form-field fusion-form-text-field fusion-form-label-above\" style=\"\" data-form-id=\"264\"><div class=\"fusion-form-label-wrapper\"><label for=\"kontakt_duft_Vorname\">Vorname<\/label><\/div><input type=\"text\" autocomplete=\"off\" name=\"kontakt_duft_Vorname\" id=\"kontakt_duft_Vorname\" value=\"\"  class=\"fusion-form-input\" data-holds-private-data=\"false\" minlength=\"0\"\/><\/div><div class=\"fusion-form-field fusion-form-text-field fusion-form-label-above\" style=\"\" data-form-id=\"264\"><div class=\"fusion-form-label-wrapper\"><label for=\"kontakt_duft_name\">Nachname <abbr class=\"fusion-form-element-required\" title=\"required\">*<\/abbr><\/label><\/div><input type=\"text\" autocomplete=\"off\" name=\"kontakt_duft_name\" id=\"kontakt_duft_name\" value=\"\"  class=\"fusion-form-input\" required=\"true\" aria-required=\"true\" data-holds-private-data=\"false\" minlength=\"0\"\/><\/div><div class=\"fusion-form-field fusion-form-email-field fusion-form-label-above\" style=\"\" data-form-id=\"264\"><div class=\"fusion-form-label-wrapper\"><label for=\"kontakt_duft_email\">E-Mail <abbr class=\"fusion-form-element-required\" title=\"required\">*<\/abbr><\/label><\/div><input type=\"email\" autocomplete=\"off\" name=\"kontakt_duft_email\" id=\"kontakt_duft_email\" value=\"\"  class=\"fusion-form-input\" required=\"true\" aria-required=\"true\" data-holds-private-data=\"false\"\/><\/div><div class=\"fusion-form-field fusion-form-select-field fusion-form-label-above\" style=\"\" data-form-id=\"264\"><label for=\"kontakt_duft__Betreff\">Betreff<\/label><div class=\"fusion-select-wrapper\"><select autocomplete=\"off\" tabindex=\"\" id=\"kontakt_duft__Betreff\" name=\"kontakt_duft__Betreff\" class=\"fusion-form-input\" data-holds-private-data=\"false\"><option value=\"Duftstadtf\u00fchrung in Z\u00fcrich\" >Duftstadtf\u00fchrung in Z\u00fcrich<\/option><option value=\"Duftstadtf\u00fchrung in Rapperswil\" >Duftstadtf\u00fchrung in Rapperswil<\/option><option value=\"Duftstadtf\u00fchrung in Schaffhausen\" >Duftstadtf\u00fchrung in Schaffhausen<\/option><option value=\"Duftstadtf\u00fchrung in Luzern\" >Duftstadtf\u00fchrung in Luzern<\/option><\/select><div class=\"select-arrow\"><svg width=\"12\" height=\"8\" viewBox=\"0 0 12 8\" fill=\"none\" xmlns=\"http:\/\/www.w3.org\/2000\/svg\"> <path d=\"M1.5 1.75L6 6.25L10.5 1.75\" stroke=\"#6D6D6D\" stroke-width=\"2\" stroke-linecap=\"round\" stroke-linejoin=\"round\"\/> <\/svg><\/div><\/div><\/div><div class=\"fusion-form-field fusion-form-date-field fusion-form-label-above\" style=\"\" data-form-id=\"264\"><label for=\"kontakt_duft_datum\">Gew\u00fcnschtes Datum der F\u00fchrung <abbr class=\"fusion-form-element-required\" title=\"required\">*<\/abbr><\/label><input autocomplete=\"off\" type=\"date\" data-first-day=\"1\"  data-format=\"\" tabindex=\"\" id=\"kontakt_duft_datum\" name=\"kontakt_duft_datum\" data-type=\"desktop\" value=\"\" data-holds-private-data=\"false\" class=\"fusion-form-input\" required=\"true\" aria-required=\"true\" placeholder=\"TT.MM.JJJJ *\"autocomplete=\"no\"\/><\/div><div class=\"fusion-form-field fusion-form-text-field fusion-form-label-above\" style=\"\" data-form-id=\"264\"><div class=\"fusion-form-label-wrapper\"><label for=\"kontakt_duft_uhrzeit\">Uhrzeit <abbr class=\"fusion-form-element-required\" title=\"required\">*<\/abbr><\/label><div class=\"fusion-form-tooltip\"><i class=\"awb-icon-question-circle\"><\/i><span class=\"fusion-form-tooltip-content\">Sie k\u00f6nnen hier den gew\u00fcnschten Start-Zeitpunkt eingeben.<\/span><\/div><\/div><input type=\"text\" autocomplete=\"off\" name=\"kontakt_duft_uhrzeit\" id=\"kontakt_duft_uhrzeit\" value=\"\"  class=\"fusion-form-input\" required=\"true\" aria-required=\"true\" placeholder=\"14:00 Uhr, Vormittag, Nachmittag *\" data-holds-private-data=\"false\" minlength=\"0\"\/><\/div><div class=\"fusion-form-field fusion-form-text-field fusion-form-label-above\" style=\"\" data-form-id=\"264\"><div class=\"fusion-form-label-wrapper\"><label for=\"kontakt_duft_anzahl\">Teilnehmeranzahl <abbr class=\"fusion-form-element-required\" title=\"required\">*<\/abbr><\/label><\/div><input type=\"text\" autocomplete=\"off\" name=\"kontakt_duft_anzahl\" id=\"kontakt_duft_anzahl\" value=\"\"  class=\"fusion-form-input\" required=\"true\" aria-required=\"true\" data-holds-private-data=\"false\" minlength=\"0\"\/><\/div><div class=\"fusion-form-field fusion-form-textarea-field fusion-form-label-above\" style=\"\" data-form-id=\"264\"><label for=\"kontakt_duft_Nachricht\">Nachricht <abbr class=\"fusion-form-element-required\" title=\"required\">*<\/abbr><\/label><textarea cols=\"40\" autocomplete=\"off\"  minlength=\"0\"  rows=\"4\" tabindex=\"\" id=\"kontakt_duft_Nachricht\" name=\"kontakt_duft_Nachricht\" class=\"fusion-form-input\" required=\"true\" aria-required=\"true\" data-holds-private-data=\"false\"><\/textarea><\/div><div class=\"fusion-form-field fusion-form-submit-field fusion-form-label-above\" style=\"\" data-form-id=\"264\"><div style=\"text-align:left;\"><button type=\"submit\" class=\"fusion-button button-flat button-medium button-custom fusion-button-default button-1 fusion-button-span-no fusion-has-button-gradient button-default form-form-submit\" style=\"--button_accent_color:#508050;--button_border_color:#508050;--button_accent_hover_color:#af0000;--button_border_hover_color:#af0000;--button_gradient_top_color:#f7f7f7;--button_gradient_bottom_color:#eaeaea;--button_gradient_top_color_hover:#efefef;--button_gradient_bottom_color_hover:#7f7f7f;--button_margin-top:0px;--button_margin-right:0px;\" data-form-number=\"264\" tabindex=\"\"><span class=\"fusion-button-text awb-button__text awb-button__text--default\">Senden<\/span><\/button><\/div><\/div><div class=\"form-submission-notices data-notice_1\" id=\"fusion-notices-1\" data-instance=\"1\"><div class=\"fusion-alert alert success alert-success fusion-alert-center fusion-form-response fusion-form-response-success awb-alert-native-link-color alert-dismissable awb-alert-close-boxed\" role=\"alert\"><div class=\"fusion-alert-content-wrapper\"><span class=\"alert-icon\"><i class=\"awb-icon-check-circle\" aria-hidden=\"true\"><\/i><\/span><span class=\"fusion-alert-content\">Ihr Nachricht wurde versendet. Besten Dank.<\/span><\/div><button type=\"button\" class=\"close toggle-alert\" data-dismiss=\"alert\" aria-label=\"Close\">&times;<\/button><\/div><div class=\"fusion-alert alert error alert-danger fusion-alert-center fusion-form-response fusion-form-response-error awb-alert-native-link-color alert-dismissable awb-alert-close-boxed\" role=\"alert\"><div class=\"fusion-alert-content-wrapper\"><span class=\"alert-icon\"><i class=\"awb-icon-exclamation-triangle\" aria-hidden=\"true\"><\/i><\/span><span class=\"fusion-alert-content\">Leider ist ein Fehler aufgetreten. Versuchen Sie es sp\u00e4ter nochmals.<\/span><\/div><button type=\"button\" class=\"close toggle-alert\" data-dismiss=\"alert\" aria-label=\"Close\">&times;<\/button><\/div><\/div><\/div><\/div><\/div><\/div><input type=\"hidden\" name=\"fusion_privacy_expiration_interval\" value=\"48\"><input type=\"hidden\" name=\"privacy_expiration_action\" value=\"anonymize\"><\/form><\/div><\/div><\/div><div class=\"fusion-layout-column fusion_builder_column fusion-builder-column-2 fusion_builder_column_1_3 1_3 fusion-flex-column\" style=\"--awb-bg-size:cover;--awb-width-large:33.333333333333%;--awb-flex-grow:0;--awb-flex-shrink:0;--awb-margin-top-large:0px;--awb-spacing-right-large:5.76%;--awb-margin-bottom-large:20px;--awb-spacing-left-large:5.76%;--awb-width-medium:33.333333333333%;--awb-order-medium:0;--awb-flex-grow-medium:0;--awb-flex-shrink-medium:0;--awb-spacing-right-medium:5.76%;--awb-spacing-left-medium:5.76%;--awb-width-small:100%;--awb-order-small:0;--awb-flex-grow-small:0;--awb-flex-shrink-small:0;--awb-spacing-right-small:1.92%;--awb-spacing-left-small:1.92%;\"><div class=\"fusion-column-wrapper fusion-column-has-shadow fusion-flex-justify-content-flex-start fusion-content-layout-column\"><div class=\"fusion-image-element \" style=\"text-align:center;--awb-margin-top:35px;--awb-caption-title-font-family:var(--h2_typography-font-family);--awb-caption-title-font-weight:var(--h2_typography-font-weight);--awb-caption-title-font-style:var(--h2_typography-font-style);--awb-caption-title-size:var(--h2_typography-font-size);--awb-caption-title-transform:var(--h2_typography-text-transform);--awb-caption-title-line-height:var(--h2_typography-line-height);--awb-caption-title-letter-spacing:var(--h2_typography-letter-spacing);\"><span class=\" fusion-imageframe imageframe-none imageframe-1 hover-type-none\" style=\"border:2px solid #e2e2e2;\"><img decoding=\"async\" width=\"600\" height=\"800\" title=\"zuerich h01 600&#215;800 text\" src=\"https:\/\/artundaroma.ch\/wp-content\/uploads\/2021\/08\/zuerich-h01-600x800-text.jpg\" alt class=\"img-responsive wp-image-455\" srcset=\"https:\/\/artundaroma.ch\/wp-content\/uploads\/2021\/08\/zuerich-h01-600x800-text-200x267.jpg 200w, https:\/\/artundaroma.ch\/wp-content\/uploads\/2021\/08\/zuerich-h01-600x800-text-400x533.jpg 400w, https:\/\/artundaroma.ch\/wp-content\/uploads\/2021\/08\/zuerich-h01-600x800-text.jpg 600w\" sizes=\"(max-width: 640px) 100vw, 400px\" \/><\/span><\/div><div class=\"fusion-image-element \" style=\"text-align:center;--awb-margin-top:35px;--awb-caption-title-font-family:var(--h2_typography-font-family);--awb-caption-title-font-weight:var(--h2_typography-font-weight);--awb-caption-title-font-style:var(--h2_typography-font-style);--awb-caption-title-size:var(--h2_typography-font-size);--awb-caption-title-transform:var(--h2_typography-text-transform);--awb-caption-title-line-height:var(--h2_typography-line-height);--awb-caption-title-letter-spacing:var(--h2_typography-letter-spacing);\"><span class=\" fusion-imageframe imageframe-none imageframe-2 hover-type-none\" style=\"border:2px solid #e2e2e2;\"><img decoding=\"async\" width=\"600\" height=\"800\" title=\"schaffhausen h01 600&#215;800 text\" src=\"https:\/\/artundaroma.ch\/wp-content\/uploads\/2021\/08\/schaffhausen-h01-600x800-text.jpg\" alt class=\"img-responsive wp-image-462\" srcset=\"https:\/\/artundaroma.ch\/wp-content\/uploads\/2021\/08\/schaffhausen-h01-600x800-text-200x267.jpg 200w, https:\/\/artundaroma.ch\/wp-content\/uploads\/2021\/08\/schaffhausen-h01-600x800-text-400x533.jpg 400w, https:\/\/artundaroma.ch\/wp-content\/uploads\/2021\/08\/schaffhausen-h01-600x800-text.jpg 600w\" sizes=\"(max-width: 640px) 100vw, 400px\" \/><\/span><\/div><div class=\"fusion-image-element \" style=\"text-align:center;--awb-margin-top:35px;--awb-caption-title-font-family:var(--h2_typography-font-family);--awb-caption-title-font-weight:var(--h2_typography-font-weight);--awb-caption-title-font-style:var(--h2_typography-font-style);--awb-caption-title-size:var(--h2_typography-font-size);--awb-caption-title-transform:var(--h2_typography-text-transform);--awb-caption-title-line-height:var(--h2_typography-line-height);--awb-caption-title-letter-spacing:var(--h2_typography-letter-spacing);\"><span class=\" fusion-imageframe imageframe-none imageframe-3 hover-type-none\" style=\"border:2px solid #e2e2e2;\"><img decoding=\"async\" width=\"600\" height=\"800\" title=\"rapperswil h01 600&#215;800 text\" src=\"https:\/\/artundaroma.ch\/wp-content\/uploads\/2021\/08\/rapperswil-h01-600x800-text.jpg\" alt class=\"img-responsive wp-image-442\" srcset=\"https:\/\/artundaroma.ch\/wp-content\/uploads\/2021\/08\/rapperswil-h01-600x800-text-200x267.jpg 200w, https:\/\/artundaroma.ch\/wp-content\/uploads\/2021\/08\/rapperswil-h01-600x800-text-400x533.jpg 400w, https:\/\/artundaroma.ch\/wp-content\/uploads\/2021\/08\/rapperswil-h01-600x800-text.jpg 600w\" sizes=\"(max-width: 640px) 100vw, 400px\" \/><\/span><\/div><div class=\"fusion-image-element \" style=\"text-align:center;--awb-margin-top:35px;--awb-caption-title-font-family:var(--h2_typography-font-family);--awb-caption-title-font-weight:var(--h2_typography-font-weight);--awb-caption-title-font-style:var(--h2_typography-font-style);--awb-caption-title-size:var(--h2_typography-font-size);--awb-caption-title-transform:var(--h2_typography-text-transform);--awb-caption-title-line-height:var(--h2_typography-line-height);--awb-caption-title-letter-spacing:var(--h2_typography-letter-spacing);\"><span class=\" fusion-imageframe imageframe-none imageframe-4 hover-type-none\" style=\"border:2px solid #e2e2e2;\"><img decoding=\"async\" width=\"600\" height=\"800\" title=\"luzern h01 600&#215;800 text\" src=\"https:\/\/artundaroma.ch\/wp-content\/uploads\/2021\/08\/luzern-h01-600x800-text.jpg\" alt class=\"img-responsive wp-image-440\" srcset=\"https:\/\/artundaroma.ch\/wp-content\/uploads\/2021\/08\/luzern-h01-600x800-text-200x267.jpg 200w, https:\/\/artundaroma.ch\/wp-content\/uploads\/2021\/08\/luzern-h01-600x800-text-400x533.jpg 400w, https:\/\/artundaroma.ch\/wp-content\/uploads\/2021\/08\/luzern-h01-600x800-text.jpg 600w\" sizes=\"(max-width: 640px) 100vw, 400px\" \/><\/span><\/div><\/div><\/div><\/div><\/div>\n","protected":false},"excerpt":{"rendered":"","protected":false},"author":5,"featured_media":0,"parent":0,"menu_order":100,"comment_status":"closed","ping_status":"closed","template":"","meta":{"_acf_changed":false,"footnotes":""},"class_list":["post-45","page","type-page","status-publish","hentry"],"acf":[],"_links":{"self":[{"href":"https:\/\/artundaroma.ch\/index.php?rest_route=\/wp\/v2\/pages\/45","targetHints":{"allow":["GET"]}}],"collection":[{"href":"https:\/\/artundaroma.ch\/index.php?rest_route=\/wp\/v2\/pages"}],"about":[{"href":"https:\/\/artundaroma.ch\/index.php?rest_route=\/wp\/v2\/types\/page"}],"author":[{"embeddable":true,"href":"https:\/\/artundaroma.ch\/index.php?rest_route=\/wp\/v2\/users\/5"}],"replies":[{"embeddable":true,"href":"https:\/\/artundaroma.ch\/index.php?rest_route=%2Fwp%2Fv2%2Fcomments&post=45"}],"version-history":[{"count":29,"href":"https:\/\/artundaroma.ch\/index.php?rest_route=\/wp\/v2\/pages\/45\/revisions"}],"predecessor-version":[{"id":463,"href":"https:\/\/artundaroma.ch\/index.php?rest_route=\/wp\/v2\/pages\/45\/revisions\/463"}],"wp:attachment":[{"href":"https:\/\/artundaroma.ch\/index.php?rest_route=%2Fwp%2Fv2%2Fmedia&parent=45"}],"curies":[{"name":"wp","href":"https:\/\/api.w.org\/{rel}","templated":true}]}}